{"id":2028,"date":"2026-03-15T13:48:24","date_gmt":"2026-03-15T10:48:24","guid":{"rendered":"https:\/\/canley.fi\/?page_id=2028"},"modified":"2026-03-15T14:06:29","modified_gmt":"2026-03-15T11:06:29","slug":"ajankohtaista","status":"publish","type":"page","link":"https:\/\/canley.fi\/en\/ajankohtaista\/","title":{"rendered":"Latest News"},"content":{"rendered":"\t\t<div data-elementor-type=\"wp-page\" data-elementor-id=\"2028\" class=\"elementor elementor-2028\">\n\t\t\t\t\t\t<section class=\"elementor-section elementor-top-section elementor-element elementor-element-939d850 elementor-section-boxed elementor-section-height-default elementor-section-height-default\" data-id=\"939d850\" data-element_type=\"section\">\n\t\t\t\t\t\t<div class=\"elementor-container elementor-column-gap-default\">\n\t\t\t\t\t<div class=\"elementor-column elementor-col-100 elementor-top-column elementor-element elementor-element-0e1cebf\" data-id=\"0e1cebf\" data-element_type=\"column\">\n\t\t\t<div class=\"elementor-widget-wrap elementor-element-populated\">\n\t\t\t\t\t\t<div class=\"elementor-element elementor-element-89d5526 elementor-widget elementor-widget-heading\" data-id=\"89d5526\" data-element_type=\"widget\" data-widget_type=\"heading.default\">\n\t\t\t\t<div class=\"elementor-widget-container\">\n\t\t\t<style>\/*! elementor - v3.23.0 - 05-08-2024 *\/\n.elementor-heading-title{padding:0;margin:0;line-height:1}.elementor-widget-heading .elementor-heading-title[class*=elementor-size-]>a{color:inherit;font-size:inherit;line-height:inherit}.elementor-widget-heading .elementor-heading-title.elementor-size-small{font-size:15px}.elementor-widget-heading .elementor-heading-title.elementor-size-medium{font-size:19px}.elementor-widget-heading .elementor-heading-title.elementor-size-large{font-size:29px}.elementor-widget-heading .elementor-heading-title.elementor-size-xl{font-size:39px}.elementor-widget-heading .elementor-heading-title.elementor-size-xxl{font-size:59px}<\/style><h2 class=\"elementor-heading-title elementor-size-default\">Uutiskirje maaliskuu 2026<\/h2>\t\t<\/div>\n\t\t\t\t<\/div>\n\t\t\t\t\t<\/div>\n\t\t<\/div>\n\t\t\t\t\t<\/div>\n\t\t<\/section>\n\t\t\t\t<section class=\"elementor-section elementor-top-section elementor-element elementor-element-01e1e08 elementor-section-boxed elementor-section-height-default elementor-section-height-default\" data-id=\"01e1e08\" data-element_type=\"section\">\n\t\t\t\t\t\t<div class=\"elementor-container elementor-column-gap-default\">\n\t\t\t\t\t<div class=\"elementor-column elementor-col-50 elementor-top-column elementor-element elementor-element-72fbfc7\" data-id=\"72fbfc7\" data-element_type=\"column\">\n\t\t\t<div class=\"elementor-widget-wrap elementor-element-populated\">\n\t\t\t\t\t\t<div class=\"elementor-element elementor-element-f2dc4f9 elementor-widget elementor-widget-text-editor\" data-id=\"f2dc4f9\" data-element_type=\"widget\" data-widget_type=\"text-editor.default\">\n\t\t\t\t<div class=\"elementor-widget-container\">\n\t\t\t<style>\/*! elementor - v3.23.0 - 05-08-2024 *\/\n.elementor-widget-text-editor.elementor-drop-cap-view-stacked .elementor-drop-cap{background-color:#69727d;color:#fff}.elementor-widget-text-editor.elementor-drop-cap-view-framed .elementor-drop-cap{color:#69727d;border:3px solid;background-color:transparent}.elementor-widget-text-editor:not(.elementor-drop-cap-view-default) .elementor-drop-cap{margin-top:8px}.elementor-widget-text-editor:not(.elementor-drop-cap-view-default) .elementor-drop-cap-letter{width:1em;height:1em}.elementor-widget-text-editor .elementor-drop-cap{float:left;text-align:center;line-height:1;font-size:50px}.elementor-widget-text-editor .elementor-drop-cap-letter{display:inline-block}<\/style>\t\t\t\t<h1>CHRISTER BJ\u00d6RSIN TY\u00d6SUHDE P\u00c4\u00c4TTYY 13.3.2026<\/h1><p><strong>Samalla h\u00e4nen k\u00e4yt\u00f6ss\u00e4\u00e4n ollut yrityksemme puhelinnumero muuttuu Christerin henkil\u00f6kohtaiseksi numeroksi.<\/strong><\/p><h2><strong>Canley Oy palvelee edelleen asiakkaitamme<\/strong><\/h2><p><strong>Se onnistuu. Tilaukset, tuotekyselyt, tarjoukset ym. <\/strong><strong>Tavoitat meid\u00e4t numerosta 045 670 9933 arkisin klo 8\u201316, <\/strong><strong>sek\u00e4 s\u00e4hk\u00f6postilla <\/strong><a href=\"mailto:office@canley.fi\"><strong>office@canley.fi. <\/strong><\/a><strong>Voit olla meihin yhteydess\u00e4 my\u00f6s <\/strong><a href=\"http:\/\/www.canley.fi\"><strong>www.canley.fi<\/strong><\/a><strong> nettisivullamme olevan yhteydenottolomakkeen kautta.<\/strong><\/p><p><span style=\"color: #ff0000;\"><strong>Puhelinnumero 044\u00a0780 0011 <\/strong><strong>on Christer Bj\u00f6rsin <\/strong><strong>henkil\u00f6kohtainen numero 13.3.2026 alkaen.<\/strong><\/span><\/p>\t\t\t\t\t\t<\/div>\n\t\t\t\t<\/div>\n\t\t\t\t\t<\/div>\n\t\t<\/div>\n\t\t\t\t<div class=\"elementor-column elementor-col-50 elementor-top-column elementor-element elementor-element-1d0d9dd\" data-id=\"1d0d9dd\" data-element_type=\"column\">\n\t\t\t<div class=\"elementor-widget-wrap elementor-element-populated\">\n\t\t\t\t\t\t<div class=\"elementor-element elementor-element-78acf43 elementor-widget elementor-widget-text-editor\" data-id=\"78acf43\" data-element_type=\"widget\" data-widget_type=\"text-editor.default\">\n\t\t\t\t<div class=\"elementor-widget-container\">\n\t\t\t\t\t\t\t<h1>CHRISTER BJ\u00d6RS ANST\u00c4LLNINGSF\u00d6RH\u00c5LLANDET AVSLUTAS DEN 13.3.2026<\/h1><p><strong>Samtidigt kommer telefonnummert till v\u00e5rt f\u00f6retag som han hade till sitt f\u00f6rfogande att bli Christers privata nummer.<\/strong><\/p><h2><strong>Canley Oy forts\u00e4tter att betj\u00e4na v\u00e5ra kunder<\/strong><\/h2><p><strong>Du klarar det. Best\u00e4llningar, produktf\u00f6rfr\u00e5gningar, erbjudanden, etc. <\/strong><strong>Du kan n\u00e5 oss p\u00e5 045 670 9933 p\u00e5 vardagar fr\u00e5n kl. 8.00 till 16.00 <\/strong><strong>och via e-post <\/strong><a href=\"mailto:office@canley.fi\"><strong>office@canley.fi . <\/strong><\/a><strong>Du kan ocks\u00e5 kontakta oss <\/strong><strong>\u00a0www.canley.fi via kontaktformul\u00e4ret p\u00e5 v\u00e5r webbplats.<\/strong><\/p><p><span style=\"color: #ff0000;\"><strong>Telefonnummer 044 780 0011 om Christer Bj\u00f6rs. Personligt nummer fr\u00e5n 13.3.2026<\/strong><\/span><\/p>\t\t\t\t\t\t<\/div>\n\t\t\t\t<\/div>\n\t\t\t\t\t<\/div>\n\t\t<\/div>\n\t\t\t\t\t<\/div>\n\t\t<\/section>\n\t\t\t\t<\/div>\n\t\t","protected":false},"excerpt":{"rendered":"<p>Uutiskirje maaliskuu 2026 CHRISTER BJ\u00d6RSIN TY\u00d6SUHDE P\u00c4\u00c4TTYY 13.3.2026 Samalla h\u00e4nen k\u00e4yt\u00f6ss\u00e4\u00e4n ollut yrityksemme puhelinnumero muuttuu Christerin henkil\u00f6kohtaiseksi numeroksi. Canley Oy palvelee edelleen asiakkaitamme Se onnistuu. Tilaukset, tuotekyselyt, tarjoukset ym. Tavoitat meid\u00e4t numerosta 045 670 9933 arkisin klo 8\u201316, sek\u00e4 s\u00e4hk\u00f6postilla office@canley.fi. Voit olla meihin yhteydess\u00e4 my\u00f6s www.canley.fi nettisivullamme olevan yhteydenottolomakkeen kautta. Puhelinnumero 044\u00a0780 0011 on&#8230;<\/p>","protected":false},"author":1,"featured_media":0,"parent":0,"menu_order":0,"comment_status":"closed","ping_status":"closed","template":"","meta":{"_kad_post_transparent":"","_kad_post_title":"hide","_kad_post_layout":"fullwidth","_kad_post_sidebar_id":"","_kad_post_content_style":"unboxed","_kad_post_vertical_padding":"hide","_kad_post_feature":"hide","_kad_post_feature_position":"","_kad_post_header":false,"_kad_post_footer":false,"footnotes":""},"class_list":["post-2028","page","type-page","status-publish","hentry"],"_links":{"self":[{"href":"https:\/\/canley.fi\/en\/wp-json\/wp\/v2\/pages\/2028","targetHints":{"allow":["GET"]}}],"collection":[{"href":"https:\/\/canley.fi\/en\/wp-json\/wp\/v2\/pages"}],"about":[{"href":"https:\/\/canley.fi\/en\/wp-json\/wp\/v2\/types\/page"}],"author":[{"embeddable":true,"href":"https:\/\/canley.fi\/en\/wp-json\/wp\/v2\/users\/1"}],"replies":[{"embeddable":true,"href":"https:\/\/canley.fi\/en\/wp-json\/wp\/v2\/comments?post=2028"}],"version-history":[{"count":7,"href":"https:\/\/canley.fi\/en\/wp-json\/wp\/v2\/pages\/2028\/revisions"}],"predecessor-version":[{"id":2038,"href":"https:\/\/canley.fi\/en\/wp-json\/wp\/v2\/pages\/2028\/revisions\/2038"}],"wp:attachment":[{"href":"https:\/\/canley.fi\/en\/wp-json\/wp\/v2\/media?parent=2028"}],"curies":[{"name":"wp","href":"https:\/\/api.w.org\/{rel}","templated":true}]}}