{"id":857,"date":"2020-10-27T18:31:13","date_gmt":"2020-10-27T15:31:13","guid":{"rendered":"http:\/\/www.grafas.org\/demo02\/?page_id=857"},"modified":"2023-01-20T11:35:29","modified_gmt":"2023-01-20T08:35:29","slug":"contactform","status":"publish","type":"page","link":"https:\/\/canley.fi\/en\/contactform\/","title":{"rendered":"Contact form"},"content":{"rendered":"\t\t<div data-elementor-type=\"wp-page\" data-elementor-id=\"857\" class=\"elementor elementor-857\">\n\t\t\t\t\t\t<section class=\"elementor-section elementor-top-section elementor-element elementor-element-447bb11 elementor-section-height-min-height elementor-section-items-bottom elementor-section-boxed elementor-section-height-default\" data-id=\"447bb11\" data-element_type=\"section\" data-settings=\"{&quot;background_background&quot;:&quot;classic&quot;}\">\n\t\t\t\t\t\t\t<div class=\"elementor-background-overlay\"><\/div>\n\t\t\t\t\t\t\t<div class=\"elementor-container elementor-column-gap-default\">\n\t\t\t\t\t<div class=\"elementor-column elementor-col-50 elementor-top-column elementor-element elementor-element-01b2a2e\" data-id=\"01b2a2e\" data-element_type=\"column\" data-settings=\"{&quot;background_background&quot;:&quot;classic&quot;}\">\n\t\t\t<div class=\"elementor-widget-wrap\">\n\t\t\t\t\t\t\t<\/div>\n\t\t<\/div>\n\t\t\t\t<div class=\"elementor-column elementor-col-50 elementor-top-column elementor-element elementor-element-71f47ea elementor-hidden-tablet elementor-hidden-phone\" data-id=\"71f47ea\" data-element_type=\"column\">\n\t\t\t<div class=\"elementor-widget-wrap\">\n\t\t\t\t\t\t\t<\/div>\n\t\t<\/div>\n\t\t\t\t\t<\/div>\n\t\t<\/section>\n\t\t\t\t<section class=\"elementor-section elementor-top-section elementor-element elementor-element-f4ff7ab elementor-section-boxed elementor-section-height-default elementor-section-height-default\" data-id=\"f4ff7ab\" data-element_type=\"section\">\n\t\t\t\t\t\t<div class=\"elementor-container elementor-column-gap-default\">\n\t\t\t\t\t<div class=\"elementor-column elementor-col-50 elementor-top-column elementor-element elementor-element-44539d7\" data-id=\"44539d7\" data-element_type=\"column\">\n\t\t\t<div class=\"elementor-widget-wrap\">\n\t\t\t\t\t\t\t<\/div>\n\t\t<\/div>\n\t\t\t\t<div class=\"elementor-column elementor-col-50 elementor-top-column elementor-element elementor-element-6d4acba\" data-id=\"6d4acba\" data-element_type=\"column\" data-settings=\"{&quot;background_background&quot;:&quot;classic&quot;}\">\n\t\t\t<div class=\"elementor-widget-wrap elementor-element-populated\">\n\t\t\t\t\t<div class=\"elementor-background-overlay\"><\/div>\n\t\t\t\t\t\t<div class=\"elementor-element elementor-element-73dfb92 elementor-widget elementor-widget-heading\" data-id=\"73dfb92\" data-element_type=\"widget\" data-widget_type=\"heading.default\">\n\t\t\t\t<div class=\"elementor-widget-container\">\n\t\t\t<style>\/*! elementor - v3.23.0 - 05-08-2024 *\/\n.elementor-heading-title{padding:0;margin:0;line-height:1}.elementor-widget-heading .elementor-heading-title[class*=elementor-size-]>a{color:inherit;font-size:inherit;line-height:inherit}.elementor-widget-heading .elementor-heading-title.elementor-size-small{font-size:15px}.elementor-widget-heading .elementor-heading-title.elementor-size-medium{font-size:19px}.elementor-widget-heading .elementor-heading-title.elementor-size-large{font-size:29px}.elementor-widget-heading .elementor-heading-title.elementor-size-xl{font-size:39px}.elementor-widget-heading .elementor-heading-title.elementor-size-xxl{font-size:59px}<\/style><h3 class=\"elementor-heading-title elementor-size-small\">Oletko kiinnostunut jostakin tuotteestamme?<\/h3>\t\t<\/div>\n\t\t\t\t<\/div>\n\t\t\t\t<div class=\"elementor-element elementor-element-ae36629 elementor-widget elementor-widget-heading\" data-id=\"ae36629\" data-element_type=\"widget\" data-widget_type=\"heading.default\">\n\t\t\t\t<div class=\"elementor-widget-container\">\n\t\t\t<h4 class=\"elementor-heading-title elementor-size-default\">T\u00e4yt\u00e4 alla oleva lomake, niin olemme sinuun yhteydess\u00e4.<\/h4>\t\t<\/div>\n\t\t\t\t<\/div>\n\t\t\t\t<div class=\"elementor-element elementor-element-e1d9574 elementor-widget elementor-widget-html\" data-id=\"e1d9574\" data-element_type=\"widget\" data-widget_type=\"html.default\">\n\t\t\t\t<div class=\"elementor-widget-container\">\n\t\t\t<link rel=\"stylesheet\" class=\"lf-style-main\" href=\"https:\/\/web.lunni.io\/form-dependencies\/lunni-form.css\">\n<meta http-equiv=\"content-type\" content=\"text\/html; charset=UTF-8\" \/>\n<style class=\"lf-style-color-accents\"> .lf-form-wrapper .choices__list--multiple .choices__item.is-highlighted, .lf-form-wrapper .choices__list--multiple .choices__item, .lf-form-wrapper input[type=\"submit\"], .lf-form-wrapper input[type=\"submit\"]:hover, .lf-form-wrapper .lf-checkbox input:checked + .lf-input-wrapper .lf-input-inner-wrapper, .lf-form-wrapper .lf-radio input:checked + .lf-input-wrapper .lf-input-inner-wrapper { background: #0003EF !important; } .lf-form-wrapper .choices__list--multiple .choices__item, .lf-form-wrapper .lf-checkbox .lf-input-wrapper .lf-input-inner-wrapper svg path, .lf-form-wrapper .lf-radio .lf-input-wrapper .lf-input-inner-wrapper svg path, .lf-form-wrapper input[type=\"submit\"], .lf-form-wrapper input[type=\"submit\"]:hover { color: #d4d4fc !important; fill: #d4d4fc !important; } .lf-form-wrapper .choices[data-type*=select-multiple] .choices__button, .lf-form-wrapper .choices[data-type*=text] .choices__button { border-color: #3335f2 !important; } .lf-form-wrapper .choices__list--multiple .choices__item.is-highlighted, .lf-form-wrapper .choices__list--multiple .choices__item { border-color: #0003EF !important; } .lf-form-wrapper a:focus { outline-color: #0003EF !important; } .lf-form-wrapper a { color: #0000b1 !important; } .lf-form-wrapper a:visited { color: #5b38da !important; } .lf-form-wrapper .accent-color { color: #0003EF !important; } button.lf-floating-button:hover, button.lf-floating-button { color: #d4d4fc !important; background: #0003EF !important; background-color: #0003EF !important; border-color: #0003EF !important; } button.lf-floating-button:hover svg path, button.lf-floating-button svg path { fill: #d4d4fc !important; } button.lf-floating-button[data-position=\"bottom left\"]:before, button.lf-floating-button[data-position=\"bottom right\"]:before { border-color: #0003EF transparent transparent transparent !important; } button.lf-floating-button[data-position=\"top left\"]:before, button.lf-floating-button[data-position=\"top right\"]:before { border-color: transparent transparent #0003EF transparent !important; } .g-recaptcha-response\n{\ndisplay:none;\nvisibility:hidden !important;\n} <\/style>\n<script src=\"https:\/\/www.google.com\/recaptcha\/api.js\" async defer><\/script>\n<div class=\"lf-form-wrapper\" data-type=\"embedded\">\n  <div>\n    <div class=\"lf-outer-wrap\">\n      <div class=\"lf-inner-wrap\">\n        <form name=\"lomake\" id=\"l_form\" method=\"post\" target=\"content\" accept-charset=\"UTF-8\" class=\"lf-form-container\" data-dynamic-redirect=\"true\">\n          <div class=\"lf-hidden\">\n            <input type=\"hidden\" name=\"language\" value=\"fi\">\n            <input type =\"hidden\" name=\"redirect\"\n            value=\"https:\/\/www.lunni.io\/thankyou\">\n            <input type=\"hidden\" name=\"person_id\" value=\"3\">\n            <input type=\"hidden\" name=\"stage\" value=\"picklist_lead_stage_open\">\n            <input type=\"hidden\" name=\"lead_source\" value=\"picklist-584-1-20220506133343-6274f987b4683\">\n            <script id=\"l_keys\">\n              window.l_keys = [\"26279f6f39027264be3f2444826f6abe\", \"ab1110d9de8155cd3c1bf530a9c1139a\", \"508b2d2ef874ec9d08756f71dd78d836\", \"200f1d21b56d1c79321ad9c45c2a364c\", \"abc281cc662a03524cda76887a8d0f1c\"];\n            <\/script>\n            <script id=\"l_script\" src=\"https:\/\/cdn.lunni.io\/l_f.js\"><\/script>\n          <\/div>\n          <div class=\"lf-content lf-regular\">\n            <div class=\"lf-item\"><input type=\"text\" name=\"first_name\" value=\"\" placeholder=\"Etunimi \/ Firstname\"><\/div>\n            <div class=\"lf-item\"><input type=\"text\" name=\"last_name\" value=\"\" placeholder=\"Sukunimi \/ Lastname\"><\/div>\n            <div class=\"lf-item\"><input type=\"text\" name=\"phone\" value=\"\" placeholder=\"Puhelin \/ Tel. no\"><\/div>\n            <div class=\"lf-item\"><input type=\"text\" name=\"email\" value=\"\" placeholder=\"S\u00e4hk\u00f6posti \/ Email\"><\/div>\n            <div class=\"lf-item\"><input type=\"text\" name=\"account_name\" value=\"\" placeholder=\"Yritys \/ Company\"><\/div>\n            <div class=\"lf-item\"><select type=\"select\" name=\"responsibilities_values[]\" value=\"\" multiple=\"\" placeholder=\"Kiinnostuksen kohteet\">\n                <option value=\"\">Kiinnostuksen kohteet \/ I'm interested in<\/option>\n                <option value=\"3899\">Lukitteet<\/option>\n                <option value=\"3902\">Liimat ja teipit<\/option>\n                <option value=\"3905\">Hygienia ja suojalasit<\/option>\n                <option value=\"3908\">Kiinteist\u00f6nhoito<\/option>\n                <option value=\"3911\">Silikonit ja MS-polymeerit<\/option>\n                <option value=\"3914\">Korjausmassat ja asennuspastat<\/option>\n                <option value=\"3917\">Aerosolit<\/option>\n              <\/select><\/div>\n            <div class=\"lf-item\"><textarea type=\"textarea\" name=\"notice\" value=\"\" placeholder=\"Viesti \/ Message\"><\/textarea><\/div>\n            <div class=\"lf-item lf-justify-left\"><label class=\"lf-checkbox\">\n                <input tabindex=\"0\" value=\"1\" name=\"allow_emails\" type=\"checkbox\">\n                <div class=\"lf-input-wrapper\">\n                  <div class=\"lf-input-inner-wrapper\"><svg viewBox=\"0 0 15.06 11\"><g><path d=\"M5.65,11,0,5.35,1.59,3.76,5.65,7.82,13.47,0l1.59,1.59Z\"><\/path><\/g><\/svg><\/div>\n                <\/div>\n                <div class=\"lf-text\">\n                  <p>Salli s\u00e4hk\u00f6postimarkkinointi \/ Allow email marketing<\/p>\n                <\/div>\n              <\/label><\/div>\n            <div class=\"lf-item lf-align-center\">\n                 <div class=\"g-recaptcha\" data-sitekey=\"6Lf6rREkAAAAAOx_Q_BKRdNZO2SovcXjrkRWYksr\" data-callback=\"callback\"><\/div>\n                <input id=\"submit-button\" type=\"submit\" name=\"\" value=\"L\u00c4HET\u00c4\" disabled=\"\"><\/div>\n          <\/div>\n        <\/form>\n        <script type=\"text\/javascript\">\n      function callback() {\n        const submitButton = document.getElementById(\"submit-button\");\n        submitButton.removeAttribute(\"disabled\");\n      }\n    <\/script>\n        <iframe name=\"content\" style=\"display:none;\"><\/iframe>\n        <div class=\"lf-sent-message\">\n          <div class=\"lf-outer-wrap\">\n            <div class=\"lf-inner-wrap\">\n              <div class=\"lf-content lf-thanks\">\n                <div class=\"lf-item lf-justify-center\">\n                  <div>\n                    <h4>Kiitos yhteydenotosta!<\/h4>\n                    <p>Olemme yhteydess\u00e4 mahdollisimman pian.<\/p>\n                  <\/div>\n                <\/div>\n                <div class=\"lf-close-btn\"><svg viewBox=\"0 0 24 24\"><path fill=\"none\" d=\"M0 0h24v24H0z\"><\/path><path fill=\"#757575\" d=\"M21.414 5.414l-2.828-2.828L12 9.172 5.414 2.586 2.586 5.414 9.172 12l-6.586 6.586 2.828 2.828L12 14.828l6.586 6.586 2.828-2.828L14.828 12z\"><\/path><\/svg><\/div>\n              <\/div>\n            <\/div>\n          <\/div>\n        <\/div>\n      <\/div>\n    <\/div>\n  <\/div>\n<\/div>\n<script src=\"https:\/\/ajax.googleapis.com\/ajax\/libs\/jquery\/3.6.0\/jquery.min.js\"><\/script>\n<script>\n$('#l_form').submit(function () {\n        $.ajax({\n            async: true,\n            method: 'POST',\n            url: 'https:\/\/canley.fi\/iframe_content.php',\n            data: $(this).serialize(),\n            success: function (response) {\n                $(\"#l_form\")[0].reset();\n                alert(\"Kiitos yhteydenotosta, olemme sinuun yhteydess\u00e4 mahdollisimman pian. \/ Thank you for contacting us, we will contact you as soon as possible.\");\n            }\n        })\n    });\n<\/script>\n<script src=\"https:\/\/web.lunni.io\/form-dependencies\/lunni-form.js\"><\/script>\t\t<\/div>\n\t\t\t\t<\/div>\n\t\t\t\t\t<\/div>\n\t\t<\/div>\n\t\t\t\t\t<\/div>\n\t\t<\/section>\n\t\t\t\t<section class=\"elementor-section elementor-top-section elementor-element elementor-element-b3021c3 elementor-hidden-tablet elementor-hidden-phone elementor-section-boxed elementor-section-height-default elementor-section-height-default\" data-id=\"b3021c3\" data-element_type=\"section\">\n\t\t\t\t\t\t<div class=\"elementor-container elementor-column-gap-default\">\n\t\t\t\t\t<div class=\"elementor-column elementor-col-100 elementor-top-column elementor-element elementor-element-d4bc66c\" data-id=\"d4bc66c\" data-element_type=\"column\">\n\t\t\t<div class=\"elementor-widget-wrap elementor-element-populated\">\n\t\t\t\t\t\t<div class=\"elementor-element elementor-element-de3e326 elementor-widget-divider--view-line elementor-widget elementor-widget-divider\" data-id=\"de3e326\" data-element_type=\"widget\" data-widget_type=\"divider.default\">\n\t\t\t\t<div class=\"elementor-widget-container\">\n\t\t\t<style>\/*! elementor - v3.23.0 - 05-08-2024 *\/\n.elementor-widget-divider{--divider-border-style:none;--divider-border-width:1px;--divider-color:#0c0d0e;--divider-icon-size:20px;--divider-element-spacing:10px;--divider-pattern-height:24px;--divider-pattern-size:20px;--divider-pattern-url:none;--divider-pattern-repeat:repeat-x}.elementor-widget-divider .elementor-divider{display:flex}.elementor-widget-divider .elementor-divider__text{font-size:15px;line-height:1;max-width:95%}.elementor-widget-divider .elementor-divider__element{margin:0 var(--divider-element-spacing);flex-shrink:0}.elementor-widget-divider .elementor-icon{font-size:var(--divider-icon-size)}.elementor-widget-divider .elementor-divider-separator{display:flex;margin:0;direction:ltr}.elementor-widget-divider--view-line_icon .elementor-divider-separator,.elementor-widget-divider--view-line_text .elementor-divider-separator{align-items:center}.elementor-widget-divider--view-line_icon .elementor-divider-separator:after,.elementor-widget-divider--view-line_icon .elementor-divider-separator:before,.elementor-widget-divider--view-line_text .elementor-divider-separator:after,.elementor-widget-divider--view-line_text .elementor-divider-separator:before{display:block;content:\"\";border-block-end:0;flex-grow:1;border-block-start:var(--divider-border-width) var(--divider-border-style) var(--divider-color)}.elementor-widget-divider--element-align-left .elementor-divider .elementor-divider-separator>.elementor-divider__svg:first-of-type{flex-grow:0;flex-shrink:100}.elementor-widget-divider--element-align-left .elementor-divider-separator:before{content:none}.elementor-widget-divider--element-align-left .elementor-divider__element{margin-left:0}.elementor-widget-divider--element-align-right .elementor-divider .elementor-divider-separator>.elementor-divider__svg:last-of-type{flex-grow:0;flex-shrink:100}.elementor-widget-divider--element-align-right .elementor-divider-separator:after{content:none}.elementor-widget-divider--element-align-right .elementor-divider__element{margin-right:0}.elementor-widget-divider--element-align-start .elementor-divider .elementor-divider-separator>.elementor-divider__svg:first-of-type{flex-grow:0;flex-shrink:100}.elementor-widget-divider--element-align-start .elementor-divider-separator:before{content:none}.elementor-widget-divider--element-align-start .elementor-divider__element{margin-inline-start:0}.elementor-widget-divider--element-align-end .elementor-divider .elementor-divider-separator>.elementor-divider__svg:last-of-type{flex-grow:0;flex-shrink:100}.elementor-widget-divider--element-align-end .elementor-divider-separator:after{content:none}.elementor-widget-divider--element-align-end .elementor-divider__element{margin-inline-end:0}.elementor-widget-divider:not(.elementor-widget-divider--view-line_text):not(.elementor-widget-divider--view-line_icon) .elementor-divider-separator{border-block-start:var(--divider-border-width) var(--divider-border-style) var(--divider-color)}.elementor-widget-divider--separator-type-pattern{--divider-border-style:none}.elementor-widget-divider--separator-type-pattern.elementor-widget-divider--view-line .elementor-divider-separator,.elementor-widget-divider--separator-type-pattern:not(.elementor-widget-divider--view-line) .elementor-divider-separator:after,.elementor-widget-divider--separator-type-pattern:not(.elementor-widget-divider--view-line) .elementor-divider-separator:before,.elementor-widget-divider--separator-type-pattern:not([class*=elementor-widget-divider--view]) .elementor-divider-separator{width:100%;min-height:var(--divider-pattern-height);-webkit-mask-size:var(--divider-pattern-size) 100%;mask-size:var(--divider-pattern-size) 100%;-webkit-mask-repeat:var(--divider-pattern-repeat);mask-repeat:var(--divider-pattern-repeat);background-color:var(--divider-color);-webkit-mask-image:var(--divider-pattern-url);mask-image:var(--divider-pattern-url)}.elementor-widget-divider--no-spacing{--divider-pattern-size:auto}.elementor-widget-divider--bg-round{--divider-pattern-repeat:round}.rtl .elementor-widget-divider .elementor-divider__text{direction:rtl}.e-con-inner>.elementor-widget-divider,.e-con>.elementor-widget-divider{width:var(--container-widget-width,100%);--flex-grow:var(--container-widget-flex-grow)}<\/style>\t\t<div class=\"elementor-divider\">\n\t\t\t<span class=\"elementor-divider-separator\">\n\t\t\t\t\t\t<\/span>\n\t\t<\/div>\n\t\t\t\t<\/div>\n\t\t\t\t<\/div>\n\t\t\t\t\t<\/div>\n\t\t<\/div>\n\t\t\t\t\t<\/div>\n\t\t<\/section>\n\t\t\t\t<section class=\"elementor-section elementor-top-section elementor-element elementor-element-b0ed849 elementor-section-boxed elementor-section-height-default elementor-section-height-default\" data-id=\"b0ed849\" data-element_type=\"section\">\n\t\t\t\t\t\t<div class=\"elementor-container elementor-column-gap-default\">\n\t\t\t\t\t<div class=\"elementor-column elementor-col-100 elementor-top-column elementor-element elementor-element-1ea28e8\" data-id=\"1ea28e8\" data-element_type=\"column\">\n\t\t\t<div class=\"elementor-widget-wrap\">\n\t\t\t\t\t\t\t<\/div>\n\t\t<\/div>\n\t\t\t\t\t<\/div>\n\t\t<\/section>\n\t\t\t\t<\/div>\n\t\t","protected":false},"excerpt":{"rendered":"<p>Oletko kiinnostunut jostakin tuotteestamme? T\u00e4yt\u00e4 alla oleva lomake, niin olemme sinuun yhteydess\u00e4. Kiinnostuksen kohteet \/ I&#8217;m interested inLukitteetLiimat ja teipitHygienia ja suojalasitKiinteist\u00f6nhoitoSilikonit ja MS-polymeeritKorjausmassat ja asennuspastatAerosolit Salli s\u00e4hk\u00f6postimarkkinointi \/ Allow email marketing Kiitos yhteydenotosta! Olemme yhteydess\u00e4 mahdollisimman pian.<\/p>","protected":false},"author":1,"featured_media":0,"parent":0,"menu_order":0,"comment_status":"closed","ping_status":"closed","template":"","meta":{"_kad_post_transparent":"","_kad_post_title":"hide","_kad_post_layout":"fullwidth","_kad_post_sidebar_id":"","_kad_post_content_style":"unboxed","_kad_post_vertical_padding":"hide","_kad_post_feature":"hide","_kad_post_feature_position":"","_kad_post_header":false,"_kad_post_footer":false,"footnotes":""},"class_list":["post-857","page","type-page","status-publish","hentry"],"_links":{"self":[{"href":"https:\/\/canley.fi\/en\/wp-json\/wp\/v2\/pages\/857","targetHints":{"allow":["GET"]}}],"collection":[{"href":"https:\/\/canley.fi\/en\/wp-json\/wp\/v2\/pages"}],"about":[{"href":"https:\/\/canley.fi\/en\/wp-json\/wp\/v2\/types\/page"}],"author":[{"embeddable":true,"href":"https:\/\/canley.fi\/en\/wp-json\/wp\/v2\/users\/1"}],"replies":[{"embeddable":true,"href":"https:\/\/canley.fi\/en\/wp-json\/wp\/v2\/comments?post=857"}],"version-history":[{"count":147,"href":"https:\/\/canley.fi\/en\/wp-json\/wp\/v2\/pages\/857\/revisions"}],"predecessor-version":[{"id":1977,"href":"https:\/\/canley.fi\/en\/wp-json\/wp\/v2\/pages\/857\/revisions\/1977"}],"wp:attachment":[{"href":"https:\/\/canley.fi\/en\/wp-json\/wp\/v2\/media?parent=857"}],"curies":[{"name":"wp","href":"https:\/\/api.w.org\/{rel}","templated":true}]}}