{"id":1229,"date":"2022-04-19T09:03:19","date_gmt":"2022-04-19T09:03:19","guid":{"rendered":"https:\/\/canley.fi\/?post_type=product&#038;p=1229"},"modified":"2023-01-20T12:09:39","modified_gmt":"2023-01-20T09:09:39","slug":"pumppuharja-500-gr","status":"publish","type":"product","link":"https:\/\/canley.fi\/en\/product\/pumppuharja-500-gr\/","title":{"rendered":"Pump brush 500g"},"content":{"rendered":"","protected":false},"excerpt":{"rendered":"<p>Pumppuharja sopii k\u00e4ytett\u00e4v\u00e4ksi 500 gramman purkkien kanssa.<\/p>","protected":false},"featured_media":1988,"template":"","meta":{"_kad_post_transparent":"default","_kad_post_title":"","_kad_post_layout":"default","_kad_post_sidebar_id":"","_kad_post_content_style":"default","_kad_post_vertical_padding":"default","_kad_post_feature":"","_kad_post_feature_position":"","_kad_post_header":false,"_kad_post_footer":false},"product_brand":[],"product_cat":[32],"product_tag":[],"class_list":{"0":"post-1229","1":"product","2":"type-product","3":"status-publish","4":"has-post-thumbnail","6":"product_cat-korjausmassat_asennuspastat","8":"first","9":"instock","10":"shipping-taxable","11":"product-type-simple","12":"entry","13":"content-bg","14":"loop-entry"},"_links":{"self":[{"href":"https:\/\/canley.fi\/en\/wp-json\/wp\/v2\/product\/1229","targetHints":{"allow":["GET"]}}],"collection":[{"href":"https:\/\/canley.fi\/en\/wp-json\/wp\/v2\/product"}],"about":[{"href":"https:\/\/canley.fi\/en\/wp-json\/wp\/v2\/types\/product"}],"wp:featuredmedia":[{"embeddable":true,"href":"https:\/\/canley.fi\/en\/wp-json\/wp\/v2\/media\/1988"}],"wp:attachment":[{"href":"https:\/\/canley.fi\/en\/wp-json\/wp\/v2\/media?parent=1229"}],"wp:term":[{"taxonomy":"product_brand","embeddable":true,"href":"https:\/\/canley.fi\/en\/wp-json\/wp\/v2\/product_brand?post=1229"},{"taxonomy":"product_cat","embeddable":true,"href":"https:\/\/canley.fi\/en\/wp-json\/wp\/v2\/product_cat?post=1229"},{"taxonomy":"product_tag","embeddable":true,"href":"https:\/\/canley.fi\/en\/wp-json\/wp\/v2\/product_tag?post=1229"}],"curies":[{"name":"wp","href":"https:\/\/api.w.org\/{rel}","templated":true}]}}